{"id":2456,"date":"2019-02-01T09:43:35","date_gmt":"2019-02-01T09:43:35","guid":{"rendered":"https:\/\/www.pennelliboldrini.it\/privacy-policy\/"},"modified":"2019-02-01T09:43:35","modified_gmt":"2019-02-01T09:43:35","slug":"privacy-policy","status":"publish","type":"page","link":"https:\/\/www.pennelliboldrini.it\/en\/privacy-policy\/","title":{"rendered":"Privacy Policy"},"content":{"rendered":"<div class=\"wpb-content-wrapper\"><p>[vc_row][vc_column][vc_column_text]<\/p>\n<h4>AVVISO<\/h4>\n<p>In questa pagina si descrivono le modalit\u00e0 di gestione del sito in riferimento al trattamento dei dati personali degli utenti che lo consultano.<br \/>\nSi tratta di un\u2019informativa che \u00e8 resa ai sensi dell\u2019art. 13 del d.lg. n. 196\/2003 &#8211; Codice in materia di protezione dei dati personali a coloro che interagiscono con i servizi web di Pennelli Boldrini s.r.l per la protezione dei dati personali, accessibili per via telematica a partire dai seguenti indirizzi:<br \/>\n<a href=\"http:\/\/www.pennelliboldrini.it\/\">www.pennelliboldrini.it<\/a><br \/>\ncorrispondenti alla pagina iniziale del sito.<br \/>\nL\u2019informativa \u00e8 resa solo per il sito di Pennelli Boldrini s.r.l e non anche per altri siti web eventualmente consultati dall\u2019utente tramite link.<\/p>\n<h4>TITOLARE e RESPONSABILE DEL TRATTAMENTO<\/h4>\n<p>Il titolare del trattamento dei dati delle persone identificate o identificabili consultando questo sito web \u00e8 Pennelli Boldrini s.r.l sede legale in Cicognara (MN) &#8211; 46019, Via Aldo moro, 64\/66.<br \/>\nPartita IVA n. 00179880208<br \/>\nLa societ\u00e0 Giordani s.r.l. \u00e8 responsabile del trattamento ai sensi dell\u2019articolo 29 del Codice in materia di protezione dei dati personali.<\/p>\n<h4>LUOGO DI TRATTAMENTO DEI DATI<\/h4>\n<p>I trattamenti connessi ai servizi web di questo sito hanno luogo presso la predetta sede di Pennelli Boldrini s.r.l. e sono curati solo da personale tecnico dell\u2019ufficio incaricato del trattamento. In caso di necessit\u00e0, i dati connessi al servizio newsletter possono essere trattati dal personale di societ\u00e0 incaricate della manutenzione della parte tecnologica del sito, presso la sede delle societ\u00e0 medesime.<\/p>\n<h4>TIPI DI DATI TRATTATI<\/h4>\n<p>Dati di navigazione<br \/>\nI sistemi informatici e le procedure software preposte al funzionamento di questo sito web acquisiscono, nel corso del loro normale esercizio, alcuni dati personali la cui trasmissione \u00e8 implicita nell\u2019uso dei protocolli di comunicazione di Internet.<br \/>\nSi tratta di informazioni che non sono raccolte per essere associate a interessati identificati, ma che per loro stessa natura potrebbero, attraverso elaborazioni ed associazioni con dati detenuti da terzi, permettere di identificare gli utenti.<br \/>\nIn questa categoria di dati rientrano gli indirizzi IP o i nomi a dominio dei computer utilizzati dagli utenti che si connettono al sito, gli indirizzi in notazione URI (Uniform Resource Identifier) delle risorse richieste, l\u2019orario della richiesta, il metodo utilizzato nel sottoporre la richiesta al server, la dimensione del file ottenuto in risposta, il codice numerico indicante lo stato della risposta data dal server (buon fine, errore, ecc.) ed altri parametri relativi al sistema operativo e all\u2019ambiente informatico dell\u2019utente.<br \/>\nQuesti dati vengono utilizzati al solo fine di ricavare informazioni statistiche anonime sull\u2019uso del sito e per controllarne il corretto funzionamento e vengono cancellati immediatamente dopo l\u2019elaborazione. I dati potrebbero essere utilizzati per l\u2019accertamento di responsabilit\u00e0 in caso di ipotetici reati informatici ai danni del sito: salva questa eventualit\u00e0, allo stato i dati sui contatti web non persistono per pi\u00f9 di sette giorni.<br \/>\nDati forniti volontariamente dall\u2019utente<br \/>\nL\u2019invio facoltativo, esplicito e volontario di posta elettronica agli indirizzi indicati su questo sito comporta la successiva acquisizione dell\u2019indirizzo del mittente, necessario per rispondere alle richieste, nonch\u00e9 degli eventuali altri dati personali inseriti nella missiva.<br \/>\nSpecifiche informative di sintesi verranno progressivamente riportate o visualizzate nelle pagine del sito predisposte per particolari servizi a richiesta.<\/p>\n<h4>FACOLTATIVITA\u2019 DEL CONFERIMENTO DEI DATI<\/h4>\n<p>A parte quanto specificato per i dati di navigazione, l\u2019utente \u00e8 libero di fornire i dati personali riportati nei moduli di richiesta a Giordani s.r.l. o comunque indicati in contatti con l\u2019Ufficio per sollecitare l\u2019invio della newsletter, di materiale informativo o di altre comunicazioni.<br \/>\nIl loro mancato conferimento pu\u00f2 comportare l\u2019impossibilit\u00e0 di ottenere quanto richiesto.<br \/>\nPer completezza va ricordato che in alcuni casi (non oggetto dell\u2019ordinaria gestione di questo sito) l\u2019Autorit\u00e0 pu\u00f2 richiedere notizie e informazioni ai sensi dell\u2019articolo 157 del Codice in materia di protezione dei dati personali, ai fini del controllo sul trattamento dei dati personali. In questi casi la risposta \u00e8 obbligatoria a pena di sanzione amministrativa.<\/p>\n<h4>RISERVATEZZA DEI DATI<\/h4>\n<p>L\u2019eventuale comunicazione a terzi o diffusione dei tuoi dati personali non potr\u00e0 essere effettuata senza la tua previa manifestazione del consenso. Pennelli Boldrini s.r.l. non diffonder\u00e0, n\u00e9 altrimenti comunicher\u00e0 a terzi i tuoi dati personali.<br \/>\nCiononostante, tali dati potrebbero occasionalmente essere trasferiti a terzi che agiscono per nome e per conto di Pennelli Boldrini s.r.l. o in connessione con le attivit\u00e0 commerciali della stessa, al fine di eseguire gli ulteriori trattamenti in conformit\u00e0 agli scopi per i quali i dati sono stati originariamente raccolti.<br \/>\nLaddove la comunicazione a terzi dei dati personali sia probabile o necessaria per qualsiasi motivo, Pennelli Boldrini s.r.l.<br \/>\nfar\u00e0 in modo che tale comunicazione e l\u2019utilizzo previsto dei dati siano chiaramente esplicitati ai fini di una corretta espressione del consenso.<\/p>\n<h4>MODALITA\u2019 DEL TRATTAMENTO<\/h4>\n<p>I dati personali sono trattati con strumenti automatizzati per il tempo strettamente necessario a conseguire gli scopi per cui sono stati raccolti.<br \/>\nSpecifiche misure di sicurezza sono osservate per prevenire la perdita dei dati, usi illeciti o non corretti ed accessi non autorizzati.<\/p>\n<h4>DIRITTI DEGLI INTERESSATI<\/h4>\n<p>I soggetti cui si riferiscono i dati personali hanno il diritto in qualunque momento di ottenere la conferma dell\u2019esistenza o meno dei medesimi dati e di conoscerne il contenuto e l\u2019origine, verificarne l\u2019esattezza o chiederne l\u2019integrazione o l\u2019aggiornamento, oppure la rettificazione (articolo 7 del Codice in materia di protezione dei dati personali).<br \/>\nAi sensi del medesimo articolo si ha il diritto di chiedere la cancellazione, la trasformazione in forma anonima o il blocco dei dati trattati in violazione di legge, nonch\u00e9 di opporsi in ogni caso, per motivi legittimi, al loro trattamento.<br \/>\nLe richieste vanno rivolte:<\/p>\n<ul>\n<li>via e-mail, all\u2019indirizzo: <a href=\"mailto:info@gruppoboldrini.it\">info@gruppoboldrini.it<\/a><\/li>\n<li>via fax: + 39 0375 88179<\/li>\n<\/ul>\n<p>oppure via posta, a Giordani s.r.l presso la sede legale in Cicognara (MN) &#8211; 46019, Via Aldo moro, 64\/66<\/p>\n<h2>COOKIE POLICY<\/h2>\n<p>Questo Sito fa utilizzo di Cookie. Con il presente documento, ai sensi degli artt. 13 e 122 del D. Lgs. 196\/2003 (&#8220;codice privacy&#8221;), nonch\u00e9 in base a quanto previsto dal Provvedimento generale del Garante privacy dell&#8217;8 maggio 2014, il titolare del sito (titolare del trattamento), fornisce agli utenti del sito alcune informazioni relative ai cookie utilizzati.<\/p>\n<h4>COSA SONO I COOKIE<\/h4>\n<p>Un &#8220;cookie&#8221; \u00e8 un piccolo file di testo creato sul computer dell&#8217;utente al momento in cui questo accede ad un determinato sito, con lo scopo di immagazzinare e trasportare informazioni. I cookie sono inviati da un server web (che \u00e8 il computer sul quale \u00e8 in esecuzione il sito web visitato) al browser dell&#8217;utente (Internet Explorer, Mozilla Firefox, Google Chrome, Opera, ecc.) e memorizzati sul computer di quest&#8217;ultimo; vengono, quindi, re-inviati al sito web al momento delle visite successive. Nel corso della navigazione l&#8217;utente potrebbe ricevere sul suo terminale anche cookie di siti diversi (c.d. cookies di &#8220;terze parti&#8221;), impostati direttamente da gestori di detti siti web e utilizzati per le finalit\u00e0 e secondo le modalit\u00e0 da questi definiti.<\/p>\n<h4>TIPOLOGIE DI COOKIE UTILIZZATE DAL PRESENTE SITO<\/h4>\n<h4>COOKIE TECNICI<\/h4>\n<p>I cookie tecnici sono quelli utilizzati al solo fine di &#8220;effettuare la trasmissione di una comunicazione su una rete di comunicazione elettronica, o nella misura strettamente necessaria al fornitore di un servizio della societ\u00e0 dell&#8217;informazione esplicitamente richiesto dall&#8217;abbonato o dall&#8217;Utente a erogare tale servizio&#8221; (cfr. art. 122, comma 1, del Codice). Essi non vengono utilizzati per scopi ulteriori e sono normalmente installati direttamente dal titolare o gestore del sito web. Possono essere suddivisi in:<\/p>\n<ul>\n<li>cookie di navigazione o di sessione, che garantiscono la normale navigazione e fruizione del sito web (permettendo, ad esempio, di realizzare un acquisto o autenticarsi per accedere ad aree riservate); essi sono di fatto necessari per il corretto funzionamento del sito;<\/li>\n<li>cookie analytics, assimilati ai cookie tecnici laddove utilizzati direttamente dal gestore del sito per raccogliere informazioni, in forma aggregata, sul numero degli utenti e su come questi visitano il sito stesso, al fine di migliorare le performance del sito;<\/li>\n<li>cookie di funzionalit\u00e0, che permettono all&#8217;Utente la navigazione in funzione di una serie di criteri selezionati (ad esempio, la lingua, i prodotti selezionati per l&#8217;acquisto) al fine di migliorare il servizio reso allo stesso. Per l&#8217;installazione di tali cookie non \u00e8 richiesto il preventivo consenso degli utenti (pi\u00f9 informazioni nel paragrafo Gestione dei cookie in basso).<\/li>\n<\/ul>\n<h4>COOKIE DI TERZE PARTI<\/h4>\n<p>I Cookie di terza parte sono i Cookie impostati da un dominio diverso da quello visitato dall&#8217;Utente. Per questi Cookie, l&#8217;obbligo dell&#8217;informativa e dell&#8217;indicazione delle modalit\u00e0 per l&#8217;eventuale consenso e\/o blocco dei Cookie spetta alla terza parte, mentre al titolare del sito \u00e8 fatto solo obbligo di inserire nel sito il link al sito della terza parte ove tali elementi sono disponibili. Alcuni dei servizi elencati di seguito in base alla funzionalit\u00e0 offerta agli Utenti, incentrati sull&#8217;uso di Cookie di terze parti, potrebbero non richiedere il consenso dell&#8217;Utente. Tali terzi, inoltre, potrebbero &#8211; in aggiunta a quanto specificato nella presente policy ed anche all&#8217;insaputa del Titolare &#8211; compiere ulteriori attivit\u00e0 di tracciamento dell&#8217;Utente. Per informazioni dettagliate in merito, si consiglia di consultare le rispettive privacy policy dei servizi elencati, nella quale l&#8217;Utente potr\u00e0 ricevere le informazioni sul relativo trattamento ed esprimere il suo consenso al riguardo.<\/p>\n<h4>MODALITA&#8217; DEL TRATTAMENTO<\/h4>\n<p>Il trattamento viene effettuato con strumenti automatizzati dal Titolare. Non viene effettuata alcuna diffusione o comunicazione.<\/p>\n<h4>CONFERIMENTO DEI DATI<\/h4>\n<p>Fatta eccezione per i cookie tecnici strettamente necessari alla normale navigazione, il conferimento dei dati \u00e8 rimesso alla volont\u00e0 dell&#8217;interessato che decida di navigare sul sito dopo aver preso visione dell&#8217;informativa breve contenuta nell&#8217;apposito banner e di usufruire dei servizi di terze parti che comportano l&#8217;installazione di cookie. L&#8217;interessato pu\u00f2 quindi evitare l&#8217;installazione dei cookie attraverso le apposite funzioni disponibili sul proprio browser.<\/p>\n<h4>DISABILITAZIONE DEI COOKIE<\/h4>\n<p>In aggiunta a quanto indicato in questo documento, l&#8217;Utente pu\u00f2 gestire le preferenze relative ai Cookie direttamente all&#8217;interno del proprio browser ed impedire &#8211; ad esempio &#8211; che terze parti possano installarne. Tramite le preferenze del browser \u00e8 inoltre possibile eliminare i Cookie installati in passato, incluso il Cookie in cui venga eventualmente salvato il consenso all&#8217;installazione di Cookie da parte di questo sito. \u00e8 importante notare che disabilitando tutti i Cookie, il funzionamento di questo sito potrebbe essere compromesso. Ciascun browser presenta procedure diverse per la gestione delle impostazioni. L&#8217;utente pu\u00f2 ottenere istruzioni specifiche attraverso i link sottostanti.<\/p>\n<p><a href=\"http:\/\/windows.microsoft.com\/it-it\/windows7\/block-enable-or-allow-cookies\" target=\"_blank\" rel=\"noopener noreferrer\">Microsoft Windows Explorer<\/a><br \/>\n<a href=\"https:\/\/support.google.com\/chrome\/bin\/answer.py?hl=it&amp;answer=95647&amp;p=cpn_cookies\" target=\"_blank\" rel=\"noopener noreferrer\">Google Chrome <\/a><br \/>\n<a href=\"http:\/\/support.mozilla.org\/it-IT\/kb\/Enabling%20and%20disabling%20cookies\" target=\"_blank\" rel=\"noopener noreferrer\">Mozilla Firefox <\/a><br \/>\n<a href=\"http:\/\/support.apple.com\/kb\/PH17191?viewlocale=it_IT&amp;locale=it_IT\" target=\"_blank\" rel=\"noopener noreferrer\">Apple Safari<\/a><br \/>\n<a href=\"http:\/\/help.opera.com\/Windows\/10.00\/it\/cookies.html\" target=\"_blank\" rel=\"noopener noreferrer\">Opera<\/a><br \/>\n<a href=\"http:\/\/www.google.com\/ads\/preferences\/?hl=it\" target=\"_blank\" rel=\"noopener noreferrer\">Servizi di Google<\/a><br \/>\n<a href=\"https:\/\/www.facebook.com\/help\/cookies?ref_type=sitefooter\" target=\"_blank\" rel=\"noopener noreferrer\">Facebook<\/a><br \/>\n<a href=\"https:\/\/support.twitter.com\/articles\/20170519-uso-dei-cookie-e-di-altre-tecnologie-simili-da-parte-di-twitter\" target=\"_blank\" rel=\"noopener noreferrer\">Twitter<\/a><br \/>\n<a href=\"https:\/\/www.linkedin.com\/legal\/privacy-policy\" target=\"_blank\" rel=\"noopener noreferrer\">LinkedIn<\/a><br \/>\n<a href=\"http:\/\/www.google.it\/intl\/it\/policies\/privacy\/\" target=\"_blank\" rel=\"noopener noreferrer\">Vimeo<\/a><br \/>\n<a href=\"http:\/\/www.google.it\/intl\/it\/policies\/privacy\/\" target=\"_blank\" rel=\"noopener noreferrer\">Youtube<\/a><\/p>\n<p>&#8211; La disattivazione dei cookie di terze parti \u00e8 inoltre possibile attraverso le modalit\u00e0 rese disponibili direttamente dalla societ\u00e0 terza titolare per detto trattamento, come indicato ai link riportati nel paragrafo &#8220;cookie di terze parti&#8221;<br \/>\n&#8211; In caso di servizi erogati da terze parti, l&#8217;Utente pu\u00f2 inoltre esercitare il proprio diritto ad opporsi al tracciamento informandosi tramite la privacy policy della terza parte, tramite il link di opt out se esplicitamente fornito o contattando direttamente la stessa.<\/p>\n<p>[\/vc_column_text][\/vc_column][\/vc_row]<\/p>\n<\/div>","protected":false},"excerpt":{"rendered":"<p>[vc_row][vc_column][vc_column_text] AVVISO In questa pagina si descrivono le modalit\u00e0 di gestione del sito in riferimento al trattamento dei dati personali<\/p>\n","protected":false},"author":1,"featured_media":0,"parent":0,"menu_order":0,"comment_status":"closed","ping_status":"closed","template":"","meta":{"footnotes":""},"class_list":["post-2456","page","type-page","status-publish","hentry"],"yoast_head":"<!-- This site is optimized with the Yoast SEO plugin v26.8 - https:\/\/yoast.com\/product\/yoast-seo-wordpress\/ -->\n<title>Privacy Policy - Pennelli Boldrini<\/title>\n<meta name=\"robots\" content=\"index, follow, max-snippet:-1, max-image-preview:large, max-video-preview:-1\" \/>\n<link rel=\"canonical\" href=\"https:\/\/www.pennelliboldrini.it\/en\/privacy-policy\/\" \/>\n<meta property=\"og:locale\" content=\"en_US\" \/>\n<meta property=\"og:type\" content=\"article\" \/>\n<meta property=\"og:title\" content=\"Privacy Policy - Pennelli Boldrini\" \/>\n<meta property=\"og:description\" content=\"[vc_row][vc_column][vc_column_text] AVVISO In questa pagina si descrivono le modalit\u00e0 di gestione del sito in riferimento al trattamento dei dati personali\" \/>\n<meta property=\"og:url\" content=\"https:\/\/www.pennelliboldrini.it\/en\/privacy-policy\/\" \/>\n<meta property=\"og:site_name\" content=\"Pennelli Boldrini\" \/>\n<meta property=\"article:publisher\" content=\"https:\/\/www.facebook.com\/pennelliboldrini\/\" \/>\n<meta name=\"twitter:card\" content=\"summary_large_image\" \/>\n<meta name=\"twitter:label1\" content=\"Est. reading time\" \/>\n\t<meta name=\"twitter:data1\" content=\"9 minutes\" \/>\n<script type=\"application\/ld+json\" class=\"yoast-schema-graph\">{\"@context\":\"https:\/\/schema.org\",\"@graph\":[{\"@type\":\"WebPage\",\"@id\":\"https:\/\/www.pennelliboldrini.it\/en\/privacy-policy\/\",\"url\":\"https:\/\/www.pennelliboldrini.it\/en\/privacy-policy\/\",\"name\":\"Privacy Policy - Pennelli Boldrini\",\"isPartOf\":{\"@id\":\"https:\/\/www.pennelliboldrini.it\/en\/#website\"},\"datePublished\":\"2019-02-01T09:43:35+00:00\",\"breadcrumb\":{\"@id\":\"https:\/\/www.pennelliboldrini.it\/en\/privacy-policy\/#breadcrumb\"},\"inLanguage\":\"en-US\",\"potentialAction\":[{\"@type\":\"ReadAction\",\"target\":[\"https:\/\/www.pennelliboldrini.it\/en\/privacy-policy\/\"]}]},{\"@type\":\"BreadcrumbList\",\"@id\":\"https:\/\/www.pennelliboldrini.it\/en\/privacy-policy\/#breadcrumb\",\"itemListElement\":[{\"@type\":\"ListItem\",\"position\":1,\"name\":\"Home\",\"item\":\"https:\/\/www.pennelliboldrini.it\/en\/\"},{\"@type\":\"ListItem\",\"position\":2,\"name\":\"Privacy Policy\"}]},{\"@type\":\"WebSite\",\"@id\":\"https:\/\/www.pennelliboldrini.it\/en\/#website\",\"url\":\"https:\/\/www.pennelliboldrini.it\/en\/\",\"name\":\"Pennelli Boldrini\",\"description\":\"Produzione Pennelli, rulli, spatole e strumenti al servizio di decorazione e pittura\",\"potentialAction\":[{\"@type\":\"SearchAction\",\"target\":{\"@type\":\"EntryPoint\",\"urlTemplate\":\"https:\/\/www.pennelliboldrini.it\/en\/?s={search_term_string}\"},\"query-input\":{\"@type\":\"PropertyValueSpecification\",\"valueRequired\":true,\"valueName\":\"search_term_string\"}}],\"inLanguage\":\"en-US\"}]}<\/script>\n<!-- \/ Yoast SEO plugin. -->","yoast_head_json":{"title":"Privacy Policy - Pennelli Boldrini","robots":{"index":"index","follow":"follow","max-snippet":"max-snippet:-1","max-image-preview":"max-image-preview:large","max-video-preview":"max-video-preview:-1"},"canonical":"https:\/\/www.pennelliboldrini.it\/en\/privacy-policy\/","og_locale":"en_US","og_type":"article","og_title":"Privacy Policy - Pennelli Boldrini","og_description":"[vc_row][vc_column][vc_column_text] AVVISO In questa pagina si descrivono le modalit\u00e0 di gestione del sito in riferimento al trattamento dei dati personali","og_url":"https:\/\/www.pennelliboldrini.it\/en\/privacy-policy\/","og_site_name":"Pennelli Boldrini","article_publisher":"https:\/\/www.facebook.com\/pennelliboldrini\/","twitter_card":"summary_large_image","twitter_misc":{"Est. reading time":"9 minutes"},"schema":{"@context":"https:\/\/schema.org","@graph":[{"@type":"WebPage","@id":"https:\/\/www.pennelliboldrini.it\/en\/privacy-policy\/","url":"https:\/\/www.pennelliboldrini.it\/en\/privacy-policy\/","name":"Privacy Policy - Pennelli Boldrini","isPartOf":{"@id":"https:\/\/www.pennelliboldrini.it\/en\/#website"},"datePublished":"2019-02-01T09:43:35+00:00","breadcrumb":{"@id":"https:\/\/www.pennelliboldrini.it\/en\/privacy-policy\/#breadcrumb"},"inLanguage":"en-US","potentialAction":[{"@type":"ReadAction","target":["https:\/\/www.pennelliboldrini.it\/en\/privacy-policy\/"]}]},{"@type":"BreadcrumbList","@id":"https:\/\/www.pennelliboldrini.it\/en\/privacy-policy\/#breadcrumb","itemListElement":[{"@type":"ListItem","position":1,"name":"Home","item":"https:\/\/www.pennelliboldrini.it\/en\/"},{"@type":"ListItem","position":2,"name":"Privacy Policy"}]},{"@type":"WebSite","@id":"https:\/\/www.pennelliboldrini.it\/en\/#website","url":"https:\/\/www.pennelliboldrini.it\/en\/","name":"Pennelli Boldrini","description":"Produzione Pennelli, rulli, spatole e strumenti al servizio di decorazione e pittura","potentialAction":[{"@type":"SearchAction","target":{"@type":"EntryPoint","urlTemplate":"https:\/\/www.pennelliboldrini.it\/en\/?s={search_term_string}"},"query-input":{"@type":"PropertyValueSpecification","valueRequired":true,"valueName":"search_term_string"}}],"inLanguage":"en-US"}]}},"_links":{"self":[{"href":"https:\/\/www.pennelliboldrini.it\/en\/wp-json\/wp\/v2\/pages\/2456","targetHints":{"allow":["GET"]}}],"collection":[{"href":"https:\/\/www.pennelliboldrini.it\/en\/wp-json\/wp\/v2\/pages"}],"about":[{"href":"https:\/\/www.pennelliboldrini.it\/en\/wp-json\/wp\/v2\/types\/page"}],"author":[{"embeddable":true,"href":"https:\/\/www.pennelliboldrini.it\/en\/wp-json\/wp\/v2\/users\/1"}],"replies":[{"embeddable":true,"href":"https:\/\/www.pennelliboldrini.it\/en\/wp-json\/wp\/v2\/comments?post=2456"}],"version-history":[{"count":0,"href":"https:\/\/www.pennelliboldrini.it\/en\/wp-json\/wp\/v2\/pages\/2456\/revisions"}],"wp:attachment":[{"href":"https:\/\/www.pennelliboldrini.it\/en\/wp-json\/wp\/v2\/media?parent=2456"}],"curies":[{"name":"wp","href":"https:\/\/api.w.org\/{rel}","templated":true}]}}